{"id":127,"date":"2022-01-05T14:07:34","date_gmt":"2022-01-05T13:07:34","guid":{"rendered":"https:\/\/curemontelegal.com\/?page_id=127"},"modified":"2024-01-19T12:34:14","modified_gmt":"2024-01-19T11:34:14","slug":"partners","status":"publish","type":"page","link":"https:\/\/curemontelegal.com\/en\/partners\/","title":{"rendered":"Partners"},"content":{"rendered":"<div data-elementor-type=\"wp-page\" data-elementor-id=\"127\" class=\"elementor elementor-127\" data-elementor-post-type=\"page\">\n\t\t\t\t\t\t<section class=\"elementor-section elementor-top-section elementor-element elementor-element-811cdf5 elementor-section-boxed elementor-section-height-default elementor-section-height-default\" data-id=\"811cdf5\" data-element_type=\"section\" data-e-type=\"section\" data-settings=\"{&quot;background_background&quot;:&quot;classic&quot;}\">\n\t\t\t\t\t\t<div class=\"elementor-container elementor-column-gap-default\">\n\t\t\t\t\t<div class=\"elementor-column elementor-col-100 elementor-top-column elementor-element elementor-element-36a7231\" data-id=\"36a7231\" data-element_type=\"column\" data-e-type=\"column\">\n\t\t\t<div class=\"elementor-widget-wrap elementor-element-populated\">\n\t\t\t\t\t\t<div class=\"elementor-element elementor-element-ecde32b elementor-widget elementor-widget-spacer\" data-id=\"ecde32b\" data-element_type=\"widget\" data-e-type=\"widget\" data-widget_type=\"spacer.default\">\n\t\t\t\t<div class=\"elementor-widget-container\">\n\t\t\t\t\t\t\t<div class=\"elementor-spacer\">\n\t\t\t<div class=\"elementor-spacer-inner\"><\/div>\n\t\t<\/div>\n\t\t\t\t\t\t<\/div>\n\t\t\t\t<\/div>\n\t\t\t\t<div class=\"elementor-element elementor-element-ed517f6 elementor-widget elementor-widget-text-editor\" data-id=\"ed517f6\" data-element_type=\"widget\" data-e-type=\"widget\" data-widget_type=\"text-editor.default\">\n\t\t\t\t<div class=\"elementor-widget-container\">\n\t\t\t\t\t\t\t\t\t<p align=\"justify\">Curemonte Legal verleent juridische ondersteuning en compliance support bij nationale, internationale en grensoverschrijdende projecten, transacties en geschillen. Wij bieden snelle en kosten-effici\u00ebnte oplossingen aan voor cli\u00ebnten in Nederland en elders. Wij leveren juridisch maatwerk, afgestemd op de wensen en behoeften van onze cli\u00ebnten. Wij doen dit door middel van tijdelijke uitbreiding van het juridische of business team van de cli\u00ebnt, of als onafhankelijk adviseur, legal consultant of sparring partner van de directie of raad van bestuur, de aandeelhouders of het senior management team.<\/p><p align=\"justify\">Afhankelijk van de aard en omvang van een project werken wij bij de uitvoering van onze juridische dienstverlening vaak nauw samen met ervaren Nederlandse juristen en \/ of advocaten van gerenommeerde buitenlandse kantoren. Op verzoek van de cli\u00ebnt of indien noodzakelijk voor het project, benaderen wij ook experts op andere vakgebieden, zoals bijvoorbeeld of het gebied van Tax, Finance, General Management, Forensic Services en Compliance. Op deze wijze zorgen wij ervoor dat onze cli\u00ebnten kunnen beschikken over beste ondersteuning op het hoogste niveau. Uitsluitend ervaren juristen en specialisten op andere vakgebieden worden aldus ingeschakeld, die ook leveren waar onze cli\u00ebnt om vraagt.<\/p><p><img decoding=\"async\" class=\"alignnone  wp-image-26\" src=\"https:\/\/curemontelegal.com\/wp-content\/uploads\/2022\/01\/English.png\" alt=\"\" width=\"29\" height=\"17\" \/><br \/>Curemonte Legal provides legal and compliance support for national, international and cross-border projects, transactions and disputes. We offer fast and cost-efficient solutions for clients in the Netherlands and elsewhere. We provide tailor-made legal solutions, tailored to the wishes and needs of our clients. We do this by temporarily expanding the client&#8217;s legal or business team, or as an independent advisor, legal consultant or sparring partner of the management or board of directors, the shareholders or the senior management team.<\/p><p>Depending on the nature and scope of a project, we often work closely with experienced Dutch lawyers and\/or lawyers from renowned foreign firms when providing our legal services. At the client&#8217;s request or if necessary for the project, we also approach experts in other fields, such as Tax, Finance, General Management, Forensic Services and Compliance. In this way we ensure that our clients have access to the best support at the highest level. Only experienced lawyers and specialists in other fields are engaged, who also deliver what our client requests.<\/p>\t\t\t\t\t\t\t\t<\/div>\n\t\t\t\t<\/div>\n\t\t\t\t<div class=\"elementor-element elementor-element-610daaa elementor-widget elementor-widget-spacer\" data-id=\"610daaa\" data-element_type=\"widget\" data-e-type=\"widget\" data-widget_type=\"spacer.default\">\n\t\t\t\t<div class=\"elementor-widget-container\">\n\t\t\t\t\t\t\t<div class=\"elementor-spacer\">\n\t\t\t<div class=\"elementor-spacer-inner\"><\/div>\n\t\t<\/div>\n\t\t\t\t\t\t<\/div>\n\t\t\t\t<\/div>\n\t\t\t\t\t<\/div>\n\t\t<\/div>\n\t\t\t\t\t<\/div>\n\t\t<\/section>\n\t\t\t\t<\/div>","protected":false},"excerpt":{"rendered":"<p>Curemonte Legal verleent juridische ondersteuning en compliance support bij nationale, internationale en grensoverschrijdende projecten, transacties en geschillen. Wij bieden snelle en kosten-effici\u00ebnte oplossingen aan voor cli\u00ebnten in Nederland en elders. Wij leveren juridisch maatwerk, afgestemd op de wensen en behoeften van onze cli\u00ebnten. Wij doen dit door middel van tijdelijke uitbreiding van het juridische of [&hellip;]<\/p>\n","protected":false},"author":1,"featured_media":0,"parent":0,"menu_order":0,"comment_status":"closed","ping_status":"closed","template":"elementor_header_footer","meta":{"footnotes":""},"class_list":["post-127","page","type-page","status-publish","hentry"],"_links":{"self":[{"href":"https:\/\/curemontelegal.com\/en\/wp-json\/wp\/v2\/pages\/127","targetHints":{"allow":["GET"]}}],"collection":[{"href":"https:\/\/curemontelegal.com\/en\/wp-json\/wp\/v2\/pages"}],"about":[{"href":"https:\/\/curemontelegal.com\/en\/wp-json\/wp\/v2\/types\/page"}],"author":[{"embeddable":true,"href":"https:\/\/curemontelegal.com\/en\/wp-json\/wp\/v2\/users\/1"}],"replies":[{"embeddable":true,"href":"https:\/\/curemontelegal.com\/en\/wp-json\/wp\/v2\/comments?post=127"}],"version-history":[{"count":7,"href":"https:\/\/curemontelegal.com\/en\/wp-json\/wp\/v2\/pages\/127\/revisions"}],"predecessor-version":[{"id":191,"href":"https:\/\/curemontelegal.com\/en\/wp-json\/wp\/v2\/pages\/127\/revisions\/191"}],"wp:attachment":[{"href":"https:\/\/curemontelegal.com\/en\/wp-json\/wp\/v2\/media?parent=127"}],"curies":[{"name":"wp","href":"https:\/\/api.w.org\/{rel}","templated":true}]}}